{"id":27,"date":"2013-06-24T15:58:06","date_gmt":"2013-06-24T13:58:06","guid":{"rendered":"http:\/\/www.huth.net\/wp\/?page_id=27"},"modified":"2015-01-15T17:37:45","modified_gmt":"2015-01-15T15:37:45","slug":"service","status":"publish","type":"page","link":"http:\/\/www.huth.net\/wp\/service\/","title":{"rendered":"Service"},"content":{"rendered":"<h4><strong>SERVICE<\/strong> wird bei uns gro\u00df geschrieben!<\/h4>\n<h4>Wir lassen Sie mit Ihren Produkten nicht allein.<\/h4>\n<h4>Wir begleiten Sie gerne von der Installation bis hin zur Inbetriebnahme und sind bei Problemen immer f\u00fcr Sie da.<\/h4>\n<p>Eink\u00e4ufe in Sachen Elektronik finden bei dem heutigen Angebot schon mal aus dem Bauch heraus statt. &#8222;Mit der neuesten Software versehen!&#8220;, &#8222;Das Beste auf dem Markt!&#8220; und andere Werbeslogans regen da gerne mal zum Kauf an. Aber welche Hardware wird den eigenen Anspr\u00fcchen gerecht? Welche Software wird eigentlich wirklich ben\u00f6tigt? Und, um Himmels Willen, welche Einstellungen sind daf\u00fcr nun am Geeignetsten?<\/p>\n<p>Gerne setzen wir uns gemeinsam mit Ihnen zusammen und finden die f\u00fcr Sie beste L\u00f6sung. Nach bestem Gewissen beraten wir Sie, welche Produkte f\u00fcr Sie geeignet sind und helfen Ihnen gerne beim Einrichten und bei der Installation. Sollten irgendwann Probleme auftreten oder Sie nicht mehr weiter wissen, stehen wir Ihnen jederzeit mit Rat und Tat zur Seite.<\/p>\n<p>Sie wollen noch einen Schritt weiter gehen und selbst im Internet pr\u00e4sent sein? Kein Problem! Im Handumdrehen gestalten wir eine Homepage nach Ihren pers\u00f6nlichen Vorstellungen. Desweiteren stellen wir Ihnen gerne einen sicheren Clowd-Service auf unserem eigenen Server zur Verf\u00fcgung. Auch hier k\u00f6nnen Sie sich auf eine stetige und gewissenhafte Beratung unsererseits verlassen.<\/p>\n<p>&nbsp;<\/p>\n","protected":false},"excerpt":{"rendered":"<p>SERVICE wird bei uns gro\u00df geschrieben! Wir lassen Sie mit Ihren Produkten nicht allein. Wir begleiten Sie gerne von der Installation bis hin zur Inbetriebnahme und sind bei Problemen immer &hellip;<\/p>\n","protected":false},"author":1,"featured_media":0,"parent":0,"menu_order":0,"comment_status":"closed","ping_status":"closed","template":"","meta":[],"_links":{"self":[{"href":"http:\/\/www.huth.net\/wp\/wp-json\/wp\/v2\/pages\/27"}],"collection":[{"href":"http:\/\/www.huth.net\/wp\/wp-json\/wp\/v2\/pages"}],"about":[{"href":"http:\/\/www.huth.net\/wp\/wp-json\/wp\/v2\/types\/page"}],"author":[{"embeddable":true,"href":"http:\/\/www.huth.net\/wp\/wp-json\/wp\/v2\/users\/1"}],"replies":[{"embeddable":true,"href":"http:\/\/www.huth.net\/wp\/wp-json\/wp\/v2\/comments?post=27"}],"version-history":[{"count":9,"href":"http:\/\/www.huth.net\/wp\/wp-json\/wp\/v2\/pages\/27\/revisions"}],"predecessor-version":[{"id":167,"href":"http:\/\/www.huth.net\/wp\/wp-json\/wp\/v2\/pages\/27\/revisions\/167"}],"wp:attachment":[{"href":"http:\/\/www.huth.net\/wp\/wp-json\/wp\/v2\/media?parent=27"}],"curies":[{"name":"wp","href":"https:\/\/api.w.org\/{rel}","templated":true}]}}