{"id":325,"date":"2019-12-18T12:50:33","date_gmt":"2019-12-18T10:50:33","guid":{"rendered":"http:\/\/www.huth.net\/wp\/?page_id=325"},"modified":"2019-12-18T12:52:23","modified_gmt":"2019-12-18T10:52:23","slug":"monitore2","status":"publish","type":"page","link":"http:\/\/www.huth.net\/wp\/produkte\/monitore2\/","title":{"rendered":"Monitore"},"content":{"rendered":"\n<p><em>Diese Seite wird momentan noch f\u00fcr Sie \u00fcberarbeitet. Wir bitten um \nIhr Verst\u00e4ndnis und lassen Ihnen gerne auf Anfrage die gew\u00fcnschten \nInformationen bereits vorab zukommen!<\/em><\/p>\n","protected":false},"excerpt":{"rendered":"<p>Diese Seite wird momentan noch f\u00fcr Sie \u00fcberarbeitet. Wir bitten um Ihr Verst\u00e4ndnis und lassen Ihnen gerne auf Anfrage die gew\u00fcnschten Informationen bereits vorab zukommen!<\/p>\n","protected":false},"author":1,"featured_media":0,"parent":25,"menu_order":0,"comment_status":"closed","ping_status":"closed","template":"","meta":[],"_links":{"self":[{"href":"http:\/\/www.huth.net\/wp\/wp-json\/wp\/v2\/pages\/325"}],"collection":[{"href":"http:\/\/www.huth.net\/wp\/wp-json\/wp\/v2\/pages"}],"about":[{"href":"http:\/\/www.huth.net\/wp\/wp-json\/wp\/v2\/types\/page"}],"author":[{"embeddable":true,"href":"http:\/\/www.huth.net\/wp\/wp-json\/wp\/v2\/users\/1"}],"replies":[{"embeddable":true,"href":"http:\/\/www.huth.net\/wp\/wp-json\/wp\/v2\/comments?post=325"}],"version-history":[{"count":2,"href":"http:\/\/www.huth.net\/wp\/wp-json\/wp\/v2\/pages\/325\/revisions"}],"predecessor-version":[{"id":327,"href":"http:\/\/www.huth.net\/wp\/wp-json\/wp\/v2\/pages\/325\/revisions\/327"}],"up":[{"embeddable":true,"href":"http:\/\/www.huth.net\/wp\/wp-json\/wp\/v2\/pages\/25"}],"wp:attachment":[{"href":"http:\/\/www.huth.net\/wp\/wp-json\/wp\/v2\/media?parent=325"}],"curies":[{"name":"wp","href":"https:\/\/api.w.org\/{rel}","templated":true}]}}